{"id":10142,"date":"2019-09-13T05:29:22","date_gmt":"2019-09-13T05:29:22","guid":{"rendered":"https:\/\/demo.zozothemes.com\/miion\/?page_id=10142"},"modified":"2019-09-13T05:29:22","modified_gmt":"2019-09-13T05:29:22","slug":"blogs","status":"publish","type":"page","link":"https:\/\/kagiosb.org.tr\/index.php\/blogs\/","title":{"rendered":"Blogs"},"content":{"rendered":"\t\t<div data-elementor-type=\"wp-page\" data-elementor-id=\"10142\" class=\"elementor elementor-10142\">\n\t\t\t\t\t\t<section class=\"elementor-section elementor-top-section elementor-element elementor-element-d6ed875 elementor-section-boxed elementor-section-height-default elementor-section-height-default\" data-id=\"d6ed875\" data-element_type=\"section\" data-e-type=\"section\">\n\t\t\t\t\t\t<div class=\"elementor-container elementor-column-gap-default\">\n\t\t\t\t\t<div class=\"elementor-column elementor-col-100 elementor-top-column elementor-element elementor-element-87bd6d3\" data-id=\"87bd6d3\" data-element_type=\"column\" data-e-type=\"column\">\n\t\t\t<div class=\"elementor-widget-wrap elementor-element-populated\">\n\t\t\t\t\t\t<section class=\"elementor-section elementor-inner-section elementor-element elementor-element-6e361f9 elementor-section-boxed elementor-section-height-default elementor-section-height-default\" data-id=\"6e361f9\" data-element_type=\"section\" data-e-type=\"section\">\n\t\t\t\t\t\t<div class=\"elementor-container elementor-column-gap-default\">\n\t\t\t\t\t<div class=\"elementor-column elementor-col-100 elementor-inner-column elementor-element elementor-element-84c457c\" data-id=\"84c457c\" data-element_type=\"column\" data-e-type=\"column\">\n\t\t\t<div class=\"elementor-widget-wrap elementor-element-populated\">\n\t\t\t\t\t\t<div class=\"elementor-element elementor-element-8416aed elementor-widget elementor-widget-egovenzblog\" data-id=\"8416aed\" data-element_type=\"widget\" data-e-type=\"widget\" data-widget_type=\"egovenzblog.default\">\n\t\t\t\t\r\n\t\t<div class=\"elementor-widget-container blog-wrapper blog-style-modern blog-light blog-normal-model shortcode-rand-1 egovenz-inline-css\" data-css=\"&quot;.shortcode-rand-1.blog-wrapper .blog-inner &gt; *:nth-child(1) { margin-bottom: 30px; }.shortcode-rand-1.blog-wrapper .blog-inner &gt; *:nth-child(2) { margin-bottom: 5px; }.shortcode-rand-1.blog-wrapper .blog-inner &gt; *:nth-child(3) { margin-bottom: 20px; }.shortcode-rand-1.blog-wrapper .blog-inner &gt; *:nth-child(4) { margin-bottom: 20px; }.shortcode-rand-1.blog-wrapper .blog-inner &gt; *:nth-child(5) { margin-bottom: 25px; }&quot;\">\r\n\t\t\r\n\t\t\t<div class=\"row\"><div class=\"col-lg-4 col-md-4\"><div class=\"blog-inner\"><div class=\"post-thumb post-overlay-active\"><img fetchpriority=\"high\" decoding=\"async\" height=\"465\" width=\"460\" class=\"img-fluid\" alt=\"Kahramanmara\u015f G\u0131da \u0130htisas OSB M\u00fcte\u015febbis Heyeti Son Geli\u015fmeleri De\u011ferlendirmek \u00dczere 2025 Y\u0131l\u0131 2. Toplant\u0131s\u0131n\u0131 D\u00fczenledi\" src=\"https:\/\/kagiosb.org.tr\/wp-content\/uploads\/2025\/06\/Logo-e1750158289235.png\"\/><div class=\"post-overlay-items\"><div class=\"post-category\"><span class=\"before-icon ti-folder\"><\/span><a href=\"https:\/\/kagiosb.org.tr\/index.php\/category\/duyurular\/\">Duyurular<\/a>,<a href=\"https:\/\/kagiosb.org.tr\/index.php\/category\/genel\/\">Genel<\/a>,<a href=\"https:\/\/kagiosb.org.tr\/index.php\/category\/haberler\/\">Haberler<\/a>,<a href=\"https:\/\/kagiosb.org.tr\/index.php\/category\/notices\/\">Notices<\/a><\/div><\/div><\/div><!-- .post-thumb --><div class=\"top-meta clearfix\"><ul class=\"nav top-meta-list meta-left\"><li><div class=\"post-date\"><a href=\"https:\/\/kagiosb.org.tr\/index.php\/2025\/06\/17\/\" ><i class=\"ti-calendar\"><\/i> 17 Haziran 2025<\/a><\/div><\/li><\/ul><\/div><div class=\"entry-title\"><h4 class=\"post-title-head\"><a href=\"https:\/\/kagiosb.org.tr\/index.php\/2025\/06\/17\/kahramanmaras-gida-ihtisas-osb-mutesebbis-heyeti-son-gelismeleri-degerlendirmek-uzere-2025-yili-2-toplantisini-duzenledi\/\" class=\"post-title\">Kahramanmara\u015f G\u0131da \u0130htisas OSB M\u00fcte\u015febbis Heyeti Son Geli\u015fmeleri De\u011ferlendirmek \u00dczere 2025 Y\u0131l\u0131 2. Toplant\u0131s\u0131n\u0131 D\u00fczenledi<\/a><\/h4><\/div><!-- .entry-title --><div class=\"bottom-meta clearfix\"><ul class=\"nav bottom-meta-list meta-left\"><li><div class=\"post-more\"><a class=\"read-more\" href=\"https:\/\/kagiosb.org.tr\/index.php\/2025\/06\/17\/kahramanmaras-gida-ihtisas-osb-mutesebbis-heyeti-son-gelismeleri-degerlendirmek-uzere-2025-yili-2-toplantisini-duzenledi\/\">Read More<\/a><\/div><\/li><\/ul><\/div><\/div><!-- .blog-inner --><\/div><!-- .col \/ .owl-carousel-item \/ .isotope --><div class=\"col-lg-4 col-md-4\"><div class=\"blog-inner\"><div class=\"post-thumb post-overlay-active\"><img decoding=\"async\" height=\"576\" width=\"1024\" class=\"img-fluid\" alt=\"Kahramanmara\u015f G\u0131da \u0130htisas OSB M\u00fcte\u015febbis Heyeti Topland\u0131\" src=\"https:\/\/kagiosb.org.tr\/wp-content\/uploads\/2023\/09\/gida_osb_3-1.jpg\"\/><div class=\"post-overlay-items\"><div class=\"post-category\"><span class=\"before-icon ti-folder\"><\/span><a href=\"https:\/\/kagiosb.org.tr\/index.php\/category\/duyurular\/\">Duyurular<\/a>,<a href=\"https:\/\/kagiosb.org.tr\/index.php\/category\/genel\/\">Genel<\/a>,<a href=\"https:\/\/kagiosb.org.tr\/index.php\/category\/haberler\/\">Haberler<\/a>,<a href=\"https:\/\/kagiosb.org.tr\/index.php\/category\/notices\/\">Notices<\/a><\/div><\/div><\/div><!-- .post-thumb --><div class=\"top-meta clearfix\"><ul class=\"nav top-meta-list meta-left\"><li><div class=\"post-date\"><a href=\"https:\/\/kagiosb.org.tr\/index.php\/2023\/09\/26\/\" ><i class=\"ti-calendar\"><\/i> 26 Eyl\u00fcl 2023<\/a><\/div><\/li><\/ul><\/div><div class=\"entry-title\"><h4 class=\"post-title-head\"><a href=\"https:\/\/kagiosb.org.tr\/index.php\/2023\/09\/26\/kahramanmaras-gida-ihtisas-osb-mutesebbis-heyeti-toplandi\/\" class=\"post-title\">Kahramanmara\u015f G\u0131da \u0130htisas OSB M\u00fcte\u015febbis Heyeti Topland\u0131<\/a><\/h4><\/div><!-- .entry-title --><div class=\"bottom-meta clearfix\"><ul class=\"nav bottom-meta-list meta-left\"><li><div class=\"post-more\"><a class=\"read-more\" href=\"https:\/\/kagiosb.org.tr\/index.php\/2023\/09\/26\/kahramanmaras-gida-ihtisas-osb-mutesebbis-heyeti-toplandi\/\">Read More<\/a><\/div><\/li><\/ul><\/div><\/div><!-- .blog-inner --><\/div><!-- .col \/ .owl-carousel-item \/ .isotope --><div class=\"col-lg-4 col-md-4\"><div class=\"blog-inner\"><div class=\"post-thumb post-overlay-active\"><img decoding=\"async\" height=\"700\" width=\"767\" class=\"img-fluid\" alt=\"Kahramanmara\u015f G\u0131da \u0130htisas OSB 2023 Y\u0131l\u0131 Yat\u0131r\u0131m Program\u0131na Al\u0131nd\u0131\" src=\"https:\/\/kagiosb.org.tr\/wp-content\/uploads\/2023\/01\/Resmi-Gazete_page-0001-767x700.jpg\"\/><div class=\"post-overlay-items\"><div class=\"post-category\"><span class=\"before-icon ti-folder\"><\/span><a href=\"https:\/\/kagiosb.org.tr\/index.php\/category\/duyurular\/\">Duyurular<\/a>,<a href=\"https:\/\/kagiosb.org.tr\/index.php\/category\/genel\/\">Genel<\/a>,<a href=\"https:\/\/kagiosb.org.tr\/index.php\/category\/haberler\/\">Haberler<\/a>,<a href=\"https:\/\/kagiosb.org.tr\/index.php\/category\/notices\/\">Notices<\/a><\/div><\/div><\/div><!-- .post-thumb --><div class=\"top-meta clearfix\"><ul class=\"nav top-meta-list meta-left\"><li><div class=\"post-date\"><a href=\"https:\/\/kagiosb.org.tr\/index.php\/2023\/01\/23\/\" ><i class=\"ti-calendar\"><\/i> 23 Ocak 2023<\/a><\/div><\/li><\/ul><\/div><div class=\"entry-title\"><h4 class=\"post-title-head\"><a href=\"https:\/\/kagiosb.org.tr\/index.php\/2023\/01\/23\/kahramanmaras-gida-ihtisas-osb-2023-yili-yatirim-programina-alindi\/\" class=\"post-title\">Kahramanmara\u015f G\u0131da \u0130htisas OSB 2023 Y\u0131l\u0131 Yat\u0131r\u0131m Program\u0131na Al\u0131nd\u0131<\/a><\/h4><\/div><!-- .entry-title --><div class=\"bottom-meta clearfix\"><ul class=\"nav bottom-meta-list meta-left\"><li><div class=\"post-more\"><a class=\"read-more\" href=\"https:\/\/kagiosb.org.tr\/index.php\/2023\/01\/23\/kahramanmaras-gida-ihtisas-osb-2023-yili-yatirim-programina-alindi\/\">Read More<\/a><\/div><\/li><\/ul><\/div><\/div><!-- .blog-inner --><\/div><!-- .col \/ .owl-carousel-item \/ .isotope --><\/div><!-- .row -->\t\t\t\r\n\t\t<\/div>\r\n\t\t\t\t<\/div>\n\t\t\t\t\t<\/div>\n\t\t<\/div>\n\t\t\t\t\t<\/div>\n\t\t<\/section>\n\t\t\t\t\t<\/div>\n\t\t<\/div>\n\t\t\t\t\t<\/div>\n\t\t<\/section>\n\t\t\t\t<section class=\"elementor-section elementor-top-section elementor-element elementor-element-52920da elementor-section-boxed elementor-section-height-default elementor-section-height-default\" data-id=\"52920da\" data-element_type=\"section\" data-e-type=\"section\">\n\t\t\t\t\t\t<div class=\"elementor-container elementor-column-gap-default\">\n\t\t\t\t\t<div class=\"elementor-column elementor-col-100 elementor-top-column elementor-element elementor-element-4cfc1be\" data-id=\"4cfc1be\" data-element_type=\"column\" data-e-type=\"column\">\n\t\t\t<div class=\"elementor-widget-wrap elementor-element-populated\">\n\t\t\t\t\t\t<section class=\"elementor-section elementor-inner-section elementor-element elementor-element-fcf418a elementor-section-boxed elementor-section-height-default elementor-section-height-default\" data-id=\"fcf418a\" data-element_type=\"section\" data-e-type=\"section\">\n\t\t\t\t\t\t<div class=\"elementor-container elementor-column-gap-default\">\n\t\t\t\t\t<div class=\"elementor-column elementor-col-100 elementor-inner-column elementor-element elementor-element-9b254e0\" data-id=\"9b254e0\" data-element_type=\"column\" data-e-type=\"column\">\n\t\t\t<div class=\"elementor-widget-wrap elementor-element-populated\">\n\t\t\t\t\t\t<div class=\"elementor-element elementor-element-859b0c4 elementor-widget elementor-widget-egovenzblog\" data-id=\"859b0c4\" data-element_type=\"widget\" data-e-type=\"widget\" data-widget_type=\"egovenzblog.default\">\n\t\t\t\t\r\n\t\t<div class=\"elementor-widget-container blog-wrapper blog-style-classic blog-light blog-slide-model shortcode-rand-2 egovenz-inline-css\" data-css=\"&quot;.shortcode-rand-2.blog-wrapper .blog-inner &gt; *:nth-child(1) { margin-bottom: 30px; }.shortcode-rand-2.blog-wrapper .blog-inner &gt; *:nth-child(2) { margin-bottom: 5px; }&quot;\">\r\n\t\t\r\n\t\t\t\t\t\t\r\n\t\t<\/div>\r\n\t\t\t\t<\/div>\n\t\t\t\t\t<\/div>\n\t\t<\/div>\n\t\t\t\t\t<\/div>\n\t\t<\/section>\n\t\t\t\t\t<\/div>\n\t\t<\/div>\n\t\t\t\t\t<\/div>\n\t\t<\/section>\n\t\t\t\t<\/div>\n\t\t","protected":false},"excerpt":{"rendered":"<p>Notices 08 Nov 2019 Summer Rock Festival Tickets on Sale! Read More Notices 08 Nov 2019 Upcoming Meetings in Our Town Read More Notices 08 Nov 2019 Traffic Safety Notice of Egoverns Read More 25 Oct 2019 Increase Affordable Housing Project 25 Oct 2019 Expansion of After School Programs 25 Oct 2019 Visit to The<\/p>\n","protected":false},"author":1,"featured_media":0,"parent":0,"menu_order":0,"comment_status":"closed","ping_status":"closed","template":"","meta":{"footnotes":""},"class_list":["post-10142","page","type-page","status-publish","hentry"],"_links":{"self":[{"href":"https:\/\/kagiosb.org.tr\/index.php\/wp-json\/wp\/v2\/pages\/10142","targetHints":{"allow":["GET"]}}],"collection":[{"href":"https:\/\/kagiosb.org.tr\/index.php\/wp-json\/wp\/v2\/pages"}],"about":[{"href":"https:\/\/kagiosb.org.tr\/index.php\/wp-json\/wp\/v2\/types\/page"}],"author":[{"embeddable":true,"href":"https:\/\/kagiosb.org.tr\/index.php\/wp-json\/wp\/v2\/users\/1"}],"replies":[{"embeddable":true,"href":"https:\/\/kagiosb.org.tr\/index.php\/wp-json\/wp\/v2\/comments?post=10142"}],"version-history":[{"count":0,"href":"https:\/\/kagiosb.org.tr\/index.php\/wp-json\/wp\/v2\/pages\/10142\/revisions"}],"wp:attachment":[{"href":"https:\/\/kagiosb.org.tr\/index.php\/wp-json\/wp\/v2\/media?parent=10142"}],"curies":[{"name":"wp","href":"https:\/\/api.w.org\/{rel}","templated":true}]}}