{"id":12415,"date":"2019-10-31T09:44:16","date_gmt":"2019-10-31T06:44:16","guid":{"rendered":"https:\/\/elementor.zozothemes.com\/egovenz\/?page_id=12415"},"modified":"2022-02-02T22:43:51","modified_gmt":"2022-02-02T19:43:51","slug":"etkinlikler","status":"publish","type":"page","link":"https:\/\/kagiosb.org.tr\/index.php\/etkinlikler\/","title":{"rendered":"Etkinlikler"},"content":{"rendered":"\t\t<div data-elementor-type=\"wp-page\" data-elementor-id=\"12415\" class=\"elementor elementor-12415\">\n\t\t\t\t\t\t<section class=\"elementor-section elementor-top-section elementor-element elementor-element-e777bc0 elementor-section-boxed elementor-section-height-default elementor-section-height-default\" data-id=\"e777bc0\" data-element_type=\"section\" data-e-type=\"section\">\n\t\t\t\t\t\t<div class=\"elementor-container elementor-column-gap-default\">\n\t\t\t\t\t<div class=\"elementor-column elementor-col-100 elementor-top-column elementor-element elementor-element-8c0f9fe\" data-id=\"8c0f9fe\" data-element_type=\"column\" data-e-type=\"column\">\n\t\t\t<div class=\"elementor-widget-wrap elementor-element-populated\">\n\t\t\t\t\t\t<div class=\"elementor-element elementor-element-f75928c elementor-widget elementor-widget-egovenzsectiontitle\" data-id=\"f75928c\" data-element_type=\"widget\" data-e-type=\"widget\" data-widget_type=\"egovenzsectiontitle.default\">\n\t\t\t\t<div class=\"elementor-widget-container\">\n\t\t\t\t\t<div class=\"section-title-wrapper\"><div class=\"title-wrap\"><h3 class=\"section-title\">Upcoming Local Events <\/h3><span class=\"title-separator separator-border theme-color-bg\"><\/span><\/div><!-- .title-wrap --><div class=\"section-description\"><\/div><!-- .section-description --><\/div><!-- .section-title-wrapper -->\t\t\t\t<\/div>\n\t\t\t\t<\/div>\n\t\t\t\t<div class=\"elementor-element elementor-element-46bcec5 elementor-widget elementor-widget-egovenzevent\" data-id=\"46bcec5\" data-element_type=\"widget\" data-e-type=\"widget\" data-widget_type=\"egovenzevent.default\">\n\t\t\t\t<div class=\"elementor-widget-container\">\n\t\t\t\t\t<div class=\"event-wrapper event-modern event-light shortcode-rand-1 egovenz-inline-css\" data-css=\"&quot;.shortcode-rand-1.event-wrapper .event-inner &gt; *:nth-child(1) { margin-bottom: 35px; }.shortcode-rand-1.event-wrapper .event-inner &gt; *:nth-child(2) { margin-bottom: 15px; }.shortcode-rand-1.event-wrapper .event-inner &gt; *:nth-child(3) { margin-bottom: 0px; }.shortcode-rand-1.event-wrapper .event-inner &gt; *:nth-child(4) { margin-bottom: 5px; }.shortcode-rand-1.event-wrapper .event-inner &gt; *:nth-child(5) { margin-bottom: 0; }&quot;\"><div class=\"row\"><div class=\"col-lg-4 col-md-4\"><div class=\"event-inner\"><div class=\"post-thumb\"><img fetchpriority=\"high\" decoding=\"async\" height=\"500\" width=\"767\" class=\"img-fluid\" alt=\"Yat\u0131r\u0131mc\u0131 Bilgilendirme Toplant\u0131s\u0131\" src=\"https:\/\/kagiosb.org.tr\/wp-content\/uploads\/2022\/02\/yatirimci-bilgilendirme-767x500.jpg\"\/><\/div><!-- .post-thumb --><div class=\"entry-title\"><h5 class=\"post-title-head\"><a href=\"https:\/\/kagiosb.org.tr\/index.php\/event\/yatirimci-bilgilendirme-toplantisi\/\" class=\"post-title\">Yat\u0131r\u0131mc\u0131 Bilgilendirme Toplant\u0131s\u0131<\/a><\/h5><\/div><!-- .entry-title --><div class=\"event-date\">15 \u015eubat 2022<\/div><!-- .event-date --><div class=\"post-excerpt\"><p>Yat\u0131r\u0131mc\u0131 Bilgilendirme Toplant\u0131lar\u0131<\/p>\n<\/div><!-- .post-excerpt --><div class=\"post-more\"><a class=\"read-more\" href=\"https:\/\/kagiosb.org.tr\/index.php\/event\/yatirimci-bilgilendirme-toplantisi\/\">Read More<\/a><\/div><span class=\"event-status\">Event closed.<\/span><\/div><!-- .event-inner --><\/div><!-- .cols --><div class=\"col-lg-4 col-md-4\"><div class=\"event-inner\"><div class=\"post-thumb\"><img decoding=\"async\" height=\"500\" width=\"767\" class=\"img-fluid\" alt=\"Y\u00f6netim Kurulu Toplant\u0131s\u0131-1\" src=\"https:\/\/kagiosb.org.tr\/wp-content\/uploads\/2022\/02\/YAK-ETKINLIK-767x500.jpg\"\/><\/div><!-- .post-thumb --><div class=\"entry-title\"><h5 class=\"post-title-head\"><a href=\"https:\/\/kagiosb.org.tr\/index.php\/event\/yonetim-kurulu-toplantisi-1\/\" class=\"post-title\">Y\u00f6netim Kurulu Toplant\u0131s\u0131-1<\/a><\/h5><\/div><!-- .entry-title --><div class=\"event-date\">11,\u015eubat,2022<\/div><!-- .event-date --><div class=\"post-excerpt\"><p>Y\u00f6netim Kurulu Toplant\u0131s\u0131-1<\/p>\n<\/div><!-- .post-excerpt --><div class=\"post-more\"><a class=\"read-more\" href=\"https:\/\/kagiosb.org.tr\/index.php\/event\/yonetim-kurulu-toplantisi-1\/\">Read More<\/a><\/div><span class=\"event-status\">Event closed.<\/span><\/div><!-- .event-inner --><\/div><!-- .cols --><div class=\"col-lg-4 col-md-4\"><div class=\"event-inner\"><div class=\"post-thumb\"><img decoding=\"async\" height=\"500\" width=\"767\" class=\"img-fluid\" alt=\"M\u00fcte\u015febbis Heyet Toplant\u0131s\u0131\" src=\"https:\/\/kagiosb.org.tr\/wp-content\/uploads\/2022\/02\/etkinlik-1-767x500.png\"\/><\/div><!-- .post-thumb --><div class=\"entry-title\"><h5 class=\"post-title-head\"><a href=\"https:\/\/kagiosb.org.tr\/index.php\/event\/mutesebbis-heyet-toplantisi\/\" class=\"post-title\">M\u00fcte\u015febbis Heyet Toplant\u0131s\u0131<\/a><\/h5><\/div><!-- .entry-title --><div class=\"event-date\">10,\u015eubat,2022<\/div><!-- .event-date --><div class=\"post-excerpt\"><p>M\u00fcte\u015febbis heyet toplant\u0131s\u0131 yap\u0131lacak<\/p>\n<\/div><!-- .post-excerpt --><div class=\"post-more\"><a class=\"read-more\" href=\"https:\/\/kagiosb.org.tr\/index.php\/event\/mutesebbis-heyet-toplantisi\/\">Read More<\/a><\/div><span class=\"event-status\">Event closed.<\/span><\/div><!-- .event-inner --><\/div><!-- .cols --><\/div><!-- .row --><\/div><!-- .event-wrapper -->\t\t\t\t<\/div>\n\t\t\t\t<\/div>\n\t\t\t\t\t<\/div>\n\t\t<\/div>\n\t\t\t\t\t<\/div>\n\t\t<\/section>\n\t\t\t\t<\/div>\n\t\t","protected":false},"excerpt":{"rendered":"<p>Upcoming Local Events Training Food Quality and First Aid Apr 17 2021 Cras dapibus ullamcorper<\/p>\n","protected":false},"author":1,"featured_media":0,"parent":0,"menu_order":0,"comment_status":"closed","ping_status":"closed","template":"","meta":{"footnotes":""},"class_list":["post-12415","page","type-page","status-publish","hentry"],"_links":{"self":[{"href":"https:\/\/kagiosb.org.tr\/index.php\/wp-json\/wp\/v2\/pages\/12415","targetHints":{"allow":["GET"]}}],"collection":[{"href":"https:\/\/kagiosb.org.tr\/index.php\/wp-json\/wp\/v2\/pages"}],"about":[{"href":"https:\/\/kagiosb.org.tr\/index.php\/wp-json\/wp\/v2\/types\/page"}],"author":[{"embeddable":true,"href":"https:\/\/kagiosb.org.tr\/index.php\/wp-json\/wp\/v2\/users\/1"}],"replies":[{"embeddable":true,"href":"https:\/\/kagiosb.org.tr\/index.php\/wp-json\/wp\/v2\/comments?post=12415"}],"version-history":[{"count":1,"href":"https:\/\/kagiosb.org.tr\/index.php\/wp-json\/wp\/v2\/pages\/12415\/revisions"}],"predecessor-version":[{"id":16476,"href":"https:\/\/kagiosb.org.tr\/index.php\/wp-json\/wp\/v2\/pages\/12415\/revisions\/16476"}],"wp:attachment":[{"href":"https:\/\/kagiosb.org.tr\/index.php\/wp-json\/wp\/v2\/media?parent=12415"}],"curies":[{"name":"wp","href":"https:\/\/api.w.org\/{rel}","templated":true}]}}