{"id":12427,"date":"2021-01-31T09:49:06","date_gmt":"2021-01-31T06:49:06","guid":{"rendered":"https:\/\/elementor.zozothemes.com\/egovenz\/?page_id=12427"},"modified":"2022-02-22T13:49:22","modified_gmt":"2022-02-22T10:49:22","slug":"dokumanlar","status":"publish","type":"page","link":"https:\/\/kagiosb.org.tr\/index.php\/dokumanlar\/","title":{"rendered":"D\u00f6k\u00fcmanlar"},"content":{"rendered":"\t\t<div data-elementor-type=\"wp-page\" data-elementor-id=\"12427\" class=\"elementor elementor-12427\">\n\t\t\t\t\t\t<section class=\"elementor-section elementor-top-section elementor-element elementor-element-d5771b8 elementor-section-boxed elementor-section-height-default elementor-section-height-default\" data-id=\"d5771b8\" data-element_type=\"section\" data-e-type=\"section\">\n\t\t\t\t\t\t<div class=\"elementor-container elementor-column-gap-default\">\n\t\t\t\t\t<div class=\"elementor-column elementor-col-100 elementor-top-column elementor-element elementor-element-b1196fd\" data-id=\"b1196fd\" data-element_type=\"column\" data-e-type=\"column\">\n\t\t\t<div class=\"elementor-widget-wrap\">\n\t\t\t\t\t\t\t<\/div>\n\t\t<\/div>\n\t\t\t\t\t<\/div>\n\t\t<\/section>\n\t\t\t\t<section class=\"elementor-section elementor-top-section elementor-element elementor-element-013b594 elementor-section-boxed elementor-section-height-default elementor-section-height-default\" data-id=\"013b594\" data-element_type=\"section\" data-e-type=\"section\">\n\t\t\t\t\t\t<div class=\"elementor-container elementor-column-gap-default\">\n\t\t\t\t\t<div class=\"elementor-column elementor-col-100 elementor-top-column elementor-element elementor-element-5ec17a9\" data-id=\"5ec17a9\" data-element_type=\"column\" data-e-type=\"column\">\n\t\t\t<div class=\"elementor-widget-wrap elementor-element-populated\">\n\t\t\t\t\t\t<section class=\"elementor-section elementor-inner-section elementor-element elementor-element-cfad852 elementor-section-boxed elementor-section-height-default elementor-section-height-default\" data-id=\"cfad852\" data-element_type=\"section\" data-e-type=\"section\">\n\t\t\t\t\t\t<div class=\"elementor-container elementor-column-gap-default\">\n\t\t\t\t\t<div class=\"elementor-column elementor-col-100 elementor-inner-column elementor-element elementor-element-426139a\" data-id=\"426139a\" data-element_type=\"column\" data-e-type=\"column\">\n\t\t\t<div class=\"elementor-widget-wrap elementor-element-populated\">\n\t\t\t\t\t\t<div class=\"elementor-element elementor-element-e3d1c6d elementor-widget elementor-widget-egovenzsectiontitle\" data-id=\"e3d1c6d\" data-element_type=\"widget\" data-e-type=\"widget\" data-widget_type=\"egovenzsectiontitle.default\">\n\t\t\t\t<div class=\"elementor-widget-container\">\n\t\t\t\t\t<div class=\"section-title-wrapper\"><div class=\"title-wrap\"><h4 class=\"section-title\">KAG\u0130OSB Tan\u0131t\u0131m ve Kurumsal Kimlik<\/h4><span class=\"title-separator separator-border theme-color-bg\"><\/span><\/div><!-- .title-wrap --><div class=\"section-description\">B\u00f6lgemize ait tan\u0131t\u0131m dok\u00fcmanlar\u0131 ve kurumsal kimlik bilgilerini indirebilirsiniz<\/div><!-- .section-description --><\/div><!-- .section-title-wrapper -->\t\t\t\t<\/div>\n\t\t\t\t<\/div>\n\t\t\t\t<div class=\"elementor-element elementor-element-1563727 elementor-widget elementor-widget-text-editor\" data-id=\"1563727\" data-element_type=\"widget\" data-e-type=\"widget\" data-widget_type=\"text-editor.default\">\n\t\t\t\t<div class=\"elementor-widget-container\">\n\t\t\t\t\t\t\t\t\t<p><div class='w3eden'><!-- WPDM Link Template: Call to Action 3 -->\n\n<div class=\"well c2a3\">\n    <div class=\"media\">\n        <div class=\"mr-3\" align=\"left\">\n            <img decoding=\"async\" class=\"wpdm_icon\" alt=\"Icon\"   src=\"https:\/\/kagiosb.org.tr\/wp-content\/plugins\/download-manager\/assets\/file-type-icons\/ppt.png\" \/>\n        <\/div>\n        <div class=\"media-body\">\n            <h3 class=\"media-heading\" style=\"padding-top: 0px;border:0px;margin: 0 0 5px 0;font-size:12pt;\">\n                <a style=\"font-weight: 700\" href=\"https:\/\/kagiosb.org.tr\/index.php\/download\/kagiosb-tanitim-sunum\/\">Kagiosb Tan\u0131t\u0131m Sunumu<\/a>\n                <span style=\"font-size:8pt;font-weight:300\" class=\"text-muted ml-4\">\n                    <i class=\"fas fa-hdd mr-1\"><\/i> 13 KB\n                    <i class=\"ml-3 far fa-arrow-alt-circle-down mr-1\"><\/i> 83 downloads\n                <\/span>\n            <\/h3>\n            B\u00f6lgemize ait tan\u0131t\u0131m sunumumuz\n&#8230;\n        <\/div>\n        <div class=\"ml-3\" align=\"right\">\n            <a class='wpdm-download-link download-on-click btn btn-primary ' rel='nofollow' href='#' data-downloadurl=\"https:\/\/kagiosb.org.tr\/index.php\/download\/kagiosb-tanitim-sunum\/?wpdmdl=12905&#038;refresh=69f3d909b37ba1777588489\">Download<\/a>\n        <\/div>\n    <\/div>\n\n<\/div>\n<style>\n    .well.c2a3 .btn {\n        padding: 11px 30px;\n        font-size: 11pt;\n    }\n\n    .well.c2a3 .media-body {\n        font-size: 11pt;\n    }\n\n    .well.c2a3 .wpdm_icon {\n        height: 42px;\n        width: auto;\n    }<\/style>\n<\/div><\/p>\t\t\t\t\t\t\t\t<\/div>\n\t\t\t\t<\/div>\n\t\t\t\t\t<\/div>\n\t\t<\/div>\n\t\t\t\t\t<\/div>\n\t\t<\/section>\n\t\t\t\t\t<\/div>\n\t\t<\/div>\n\t\t\t\t\t<\/div>\n\t\t<\/section>\n\t\t\t\t<section class=\"elementor-section elementor-top-section elementor-element elementor-element-5169b25 elementor-section-boxed elementor-section-height-default elementor-section-height-default\" data-id=\"5169b25\" data-element_type=\"section\" data-e-type=\"section\">\n\t\t\t\t\t\t<div class=\"elementor-container elementor-column-gap-default\">\n\t\t\t\t\t<div class=\"elementor-column elementor-col-100 elementor-top-column elementor-element elementor-element-b877850\" data-id=\"b877850\" data-element_type=\"column\" data-e-type=\"column\">\n\t\t\t<div class=\"elementor-widget-wrap elementor-element-populated\">\n\t\t\t\t\t\t<div class=\"elementor-element elementor-element-0baf33c elementor-widget elementor-widget-egovenzsectiontitle\" data-id=\"0baf33c\" data-element_type=\"widget\" data-e-type=\"widget\" data-widget_type=\"egovenzsectiontitle.default\">\n\t\t\t\t<div class=\"elementor-widget-container\">\n\t\t\t\t\t<div class=\"section-title-wrapper\"><div class=\"title-wrap\"><h4 class=\"section-title\">B\u00f6lge Yat\u0131r\u0131mc\u0131lar\u0131na D\u00f6k\u00fcmanlar<\/h4><span class=\"title-separator separator-border theme-color-bg\"><\/span><\/div><!-- .title-wrap --><div class=\"section-description\">B\u00f6lgemiz i\u00e7inde yat\u0131r\u0131m yapan \u00fcyelerimize duyurular ve \u00f6nemli d\u00f6k\u00fcmanlar<\/div><!-- .section-description --><\/div><!-- .section-title-wrapper -->\t\t\t\t<\/div>\n\t\t\t\t<\/div>\n\t\t\t\t\t<\/div>\n\t\t<\/div>\n\t\t\t\t\t<\/div>\n\t\t<\/section>\n\t\t\t\t<section class=\"elementor-section elementor-top-section elementor-element elementor-element-7a45caa elementor-section-content-middle elementor-section-boxed elementor-section-height-default elementor-section-height-default\" data-id=\"7a45caa\" data-element_type=\"section\" data-e-type=\"section\" data-settings=\"{&quot;background_background&quot;:&quot;classic&quot;}\">\n\t\t\t\t\t\t\t<div class=\"elementor-background-overlay\"><\/div>\n\t\t\t\t\t\t\t<div class=\"elementor-container elementor-column-gap-default\">\n\t\t\t\t\t<div class=\"elementor-column elementor-col-100 elementor-top-column elementor-element elementor-element-7528b56\" data-id=\"7528b56\" data-element_type=\"column\" data-e-type=\"column\">\n\t\t\t<div class=\"elementor-widget-wrap elementor-element-populated\">\n\t\t\t\t\t\t<section class=\"elementor-section elementor-inner-section elementor-element elementor-element-e0e7a69 elementor-section-boxed elementor-section-height-default elementor-section-height-default\" data-id=\"e0e7a69\" data-element_type=\"section\" data-e-type=\"section\">\n\t\t\t\t\t\t<div class=\"elementor-container elementor-column-gap-default\">\n\t\t\t\t\t<div class=\"elementor-column elementor-col-50 elementor-inner-column elementor-element elementor-element-60ff3f2\" data-id=\"60ff3f2\" data-element_type=\"column\" data-e-type=\"column\" data-settings=\"{&quot;background_background&quot;:&quot;classic&quot;}\">\n\t\t\t<div class=\"elementor-widget-wrap elementor-element-populated\">\n\t\t\t\t\t\t<div class=\"elementor-element elementor-element-f836e86 elementor-widget elementor-widget-egovenzsectiontitle\" data-id=\"f836e86\" data-element_type=\"widget\" data-e-type=\"widget\" data-widget_type=\"egovenzsectiontitle.default\">\n\t\t\t\t<div class=\"elementor-widget-container\">\n\t\t\t\t\t<div class=\"section-title-wrapper margin-bottom-0\"><div class=\"title-wrap\"><h5 class=\"section-title\">D\u00f6k\u00fcman ve Bildirimler<\/h5><\/div><!-- .title-wrap --><div class=\"section-description\"><\/div><!-- .section-description --><\/div><!-- .section-title-wrapper -->\t\t\t\t<\/div>\n\t\t\t\t<\/div>\n\t\t\t\t\t<\/div>\n\t\t<\/div>\n\t\t\t\t<div class=\"elementor-column elementor-col-50 elementor-inner-column elementor-element elementor-element-13f8715\" data-id=\"13f8715\" data-element_type=\"column\" data-e-type=\"column\" data-settings=\"{&quot;background_background&quot;:&quot;classic&quot;}\">\n\t\t\t<div class=\"elementor-widget-wrap elementor-element-populated\">\n\t\t\t\t\t\t<div class=\"elementor-element elementor-element-57e8304 elementor-widget elementor-widget-egovenzsectiontitle\" data-id=\"57e8304\" data-element_type=\"widget\" data-e-type=\"widget\" data-widget_type=\"egovenzsectiontitle.default\">\n\t\t\t\t<div class=\"elementor-widget-container\">\n\t\t\t\t\t<div class=\"section-title-wrapper margin-bottom-0\"><div class=\"title-wrap\"><h5 class=\"section-title\">Duyurular<\/h5><\/div><!-- .title-wrap --><div class=\"section-description\"><\/div><!-- .section-description --><\/div><!-- .section-title-wrapper -->\t\t\t\t<\/div>\n\t\t\t\t<\/div>\n\t\t\t\t\t<\/div>\n\t\t<\/div>\n\t\t\t\t\t<\/div>\n\t\t<\/section>\n\t\t\t\t\t<\/div>\n\t\t<\/div>\n\t\t\t\t\t<\/div>\n\t\t<\/section>\n\t\t\t\t<\/div>\n\t\t","protected":false},"excerpt":{"rendered":"<p>KAG\u0130OSB Tan\u0131t\u0131m ve Kurumsal Kimlik B\u00f6lgemize ait tan\u0131t\u0131m dok\u00fcmanlar\u0131 ve kurumsal kimlik bilgilerini indirebilirsiniz B\u00f6lge Yat\u0131r\u0131mc\u0131lar\u0131na D\u00f6k\u00fcmanlar B\u00f6lgemiz i\u00e7inde yat\u0131r\u0131m yapan \u00fcyelerimize duyurular ve \u00f6nemli d\u00f6k\u00fcmanlar D\u00f6k\u00fcman ve Bildirimler Duyurular<\/p>\n","protected":false},"author":1,"featured_media":0,"parent":0,"menu_order":0,"comment_status":"closed","ping_status":"closed","template":"","meta":{"footnotes":""},"class_list":["post-12427","page","type-page","status-publish","hentry"],"_links":{"self":[{"href":"https:\/\/kagiosb.org.tr\/index.php\/wp-json\/wp\/v2\/pages\/12427","targetHints":{"allow":["GET"]}}],"collection":[{"href":"https:\/\/kagiosb.org.tr\/index.php\/wp-json\/wp\/v2\/pages"}],"about":[{"href":"https:\/\/kagiosb.org.tr\/index.php\/wp-json\/wp\/v2\/types\/page"}],"author":[{"embeddable":true,"href":"https:\/\/kagiosb.org.tr\/index.php\/wp-json\/wp\/v2\/users\/1"}],"replies":[{"embeddable":true,"href":"https:\/\/kagiosb.org.tr\/index.php\/wp-json\/wp\/v2\/comments?post=12427"}],"version-history":[{"count":22,"href":"https:\/\/kagiosb.org.tr\/index.php\/wp-json\/wp\/v2\/pages\/12427\/revisions"}],"predecessor-version":[{"id":16788,"href":"https:\/\/kagiosb.org.tr\/index.php\/wp-json\/wp\/v2\/pages\/12427\/revisions\/16788"}],"wp:attachment":[{"href":"https:\/\/kagiosb.org.tr\/index.php\/wp-json\/wp\/v2\/media?parent=12427"}],"curies":[{"name":"wp","href":"https:\/\/api.w.org\/{rel}","templated":true}]}}