{"id":16683,"date":"2022-02-05T23:42:11","date_gmt":"2022-02-05T20:42:11","guid":{"rendered":"http:\/\/kagiosb.org.tr\/?page_id=16683"},"modified":"2022-02-05T23:42:13","modified_gmt":"2022-02-05T20:42:13","slug":"tanitim-videosu","status":"publish","type":"page","link":"https:\/\/kagiosb.org.tr\/index.php\/tanitim-videosu\/","title":{"rendered":"Tan\u0131t\u0131m Videosu"},"content":{"rendered":"\n<p>Kagi OSB Tan\u0131t\u0131m Videosu<\/p>\n\n\n\n<figure class=\"wp-block-embed is-type-video is-provider-youtube wp-block-embed-youtube wp-embed-aspect-16-9 wp-has-aspect-ratio\"><div class=\"wp-block-embed__wrapper\">\n<iframe title=\"Kahramanmara\u015f G\u0131da \u0130htisas OSB Alan\u0131\" width=\"500\" height=\"281\" src=\"https:\/\/www.youtube.com\/embed\/xp6_BDaUzzs?feature=oembed\" frameborder=\"0\" allow=\"accelerometer; autoplay; clipboard-write; encrypted-media; gyroscope; picture-in-picture; web-share\" referrerpolicy=\"strict-origin-when-cross-origin\" allowfullscreen><\/iframe>\n<\/div><\/figure>\n\n\n\n<p><\/p>\n","protected":false},"excerpt":{"rendered":"<p>Kagi OSB Tan\u0131t\u0131m Videosu<\/p>\n","protected":false},"author":1,"featured_media":0,"parent":0,"menu_order":0,"comment_status":"closed","ping_status":"closed","template":"","meta":{"footnotes":""},"class_list":["post-16683","page","type-page","status-publish","hentry"],"_links":{"self":[{"href":"https:\/\/kagiosb.org.tr\/index.php\/wp-json\/wp\/v2\/pages\/16683","targetHints":{"allow":["GET"]}}],"collection":[{"href":"https:\/\/kagiosb.org.tr\/index.php\/wp-json\/wp\/v2\/pages"}],"about":[{"href":"https:\/\/kagiosb.org.tr\/index.php\/wp-json\/wp\/v2\/types\/page"}],"author":[{"embeddable":true,"href":"https:\/\/kagiosb.org.tr\/index.php\/wp-json\/wp\/v2\/users\/1"}],"replies":[{"embeddable":true,"href":"https:\/\/kagiosb.org.tr\/index.php\/wp-json\/wp\/v2\/comments?post=16683"}],"version-history":[{"count":1,"href":"https:\/\/kagiosb.org.tr\/index.php\/wp-json\/wp\/v2\/pages\/16683\/revisions"}],"predecessor-version":[{"id":16684,"href":"https:\/\/kagiosb.org.tr\/index.php\/wp-json\/wp\/v2\/pages\/16683\/revisions\/16684"}],"wp:attachment":[{"href":"https:\/\/kagiosb.org.tr\/index.php\/wp-json\/wp\/v2\/media?parent=16683"}],"curies":[{"name":"wp","href":"https:\/\/api.w.org\/{rel}","templated":true}]}}