{"id":19,"date":"2022-02-01T14:39:27","date_gmt":"2022-02-01T11:39:27","guid":{"rendered":"http:\/\/kagiosb.org.tr\/?page_id=19"},"modified":"2022-02-07T16:58:17","modified_gmt":"2022-02-07T13:58:17","slug":"vizyon-misyon","status":"publish","type":"page","link":"https:\/\/kagiosb.org.tr\/index.php\/vizyon-misyon\/","title":{"rendered":"Vizyon &#038; Misyon"},"content":{"rendered":"\n<p><strong>Vizyonumuz<\/strong><\/p>\n\n\n\n<ul class=\"wp-block-list\"><li>\u0130\u015fletmecilerin, \u00fcr\u00fcn kalitesini ve \u00e7e\u015fitlili\u011fini geli\u015ftirmelerine, sorunlar\u0131n\u0131n \u00e7\u00f6z\u00fclmesine ve \u00fcr\u00fcnlerinin yurt i\u00e7inde ve yurt d\u0131\u015f\u0131nda tan\u0131t\u0131mlar\u0131na katk\u0131da bulunmak<\/li><li>D\u00fc\u015f\u00fck maliyetli ve y\u00fcksek kaliteli \u00fcr\u00fcn \u00fcretimini sa\u011flamak<\/li><li>Yurt i\u00e7inde ve yut d\u0131\u015f\u0131ndaki OSB&#8217;ler ile i\u015fbirli\u011fi i\u00e7inde olmak,<\/li><li>\u00dclke sanayisinin geli\u015fmesine katk\u0131 sa\u011flay\u0131p sanayi politikalar\u0131n\u0131n belirlenmesinde etkin rol oynamak,<\/li><li>OSB\u2019ye girecek \u0130\u015fletmelerin profesyonel olarak e\u011fitim, ara\u015ft\u0131rma, geli\u015ftirme ve yenilik \u00e7al\u0131\u015fmalar\u0131na katk\u0131 sa\u011flamak.<\/li><\/ul>\n\n\n\n<p><strong>Misyonumuz<\/strong><\/p>\n\n\n\n<ul class=\"wp-block-list\"><li>\u00c7evreye kar\u015f\u0131 duyarl\u0131 ve s\u00fcrekli kendi geli\u015ftiren bir OSB<\/li><li>Verdi\u011fi hizmetlerin kalitesini ve \u00e7e\u015fitlili\u011fini s\u00fcrekli artt\u0131ran,<\/li><li>\u00dcreticilerin\/i\u015fletmelerin sorunlar\u0131na \u00e7\u00f6z\u00fcm \u00fcreten,<\/li><li>D\u00fcnyaca tan\u0131nan bir OSB haline gelmek,<\/li><li>\u00dcretim, teknoloji, ihracat ve istihdam\u0131n merkezi haline gelmek,<\/li><\/ul>\n","protected":false},"excerpt":{"rendered":"<p>Vizyonumuz \u0130\u015fletmecilerin, \u00fcr\u00fcn kalitesini ve \u00e7e\u015fitlili\u011fini geli\u015ftirmelerine, sorunlar\u0131n\u0131n \u00e7\u00f6z\u00fclmesine ve \u00fcr\u00fcnlerinin yurt i\u00e7inde ve yurt d\u0131\u015f\u0131nda tan\u0131t\u0131mlar\u0131na katk\u0131da bulunmak D\u00fc\u015f\u00fck maliyetli ve y\u00fcksek kaliteli \u00fcr\u00fcn \u00fcretimini sa\u011flamak Yurt i\u00e7inde ve yut d\u0131\u015f\u0131ndaki OSB&#8217;ler ile i\u015fbirli\u011fi i\u00e7inde olmak, \u00dclke sanayisinin geli\u015fmesine katk\u0131 sa\u011flay\u0131p sanayi politikalar\u0131n\u0131n belirlenmesinde etkin rol oynamak, OSB\u2019ye girecek \u0130\u015fletmelerin profesyonel olarak e\u011fitim, ara\u015ft\u0131rma,<\/p>\n","protected":false},"author":1,"featured_media":0,"parent":0,"menu_order":0,"comment_status":"closed","ping_status":"closed","template":"","meta":{"footnotes":""},"class_list":["post-19","page","type-page","status-publish","hentry"],"_links":{"self":[{"href":"https:\/\/kagiosb.org.tr\/index.php\/wp-json\/wp\/v2\/pages\/19","targetHints":{"allow":["GET"]}}],"collection":[{"href":"https:\/\/kagiosb.org.tr\/index.php\/wp-json\/wp\/v2\/pages"}],"about":[{"href":"https:\/\/kagiosb.org.tr\/index.php\/wp-json\/wp\/v2\/types\/page"}],"author":[{"embeddable":true,"href":"https:\/\/kagiosb.org.tr\/index.php\/wp-json\/wp\/v2\/users\/1"}],"replies":[{"embeddable":true,"href":"https:\/\/kagiosb.org.tr\/index.php\/wp-json\/wp\/v2\/comments?post=19"}],"version-history":[{"count":2,"href":"https:\/\/kagiosb.org.tr\/index.php\/wp-json\/wp\/v2\/pages\/19\/revisions"}],"predecessor-version":[{"id":16736,"href":"https:\/\/kagiosb.org.tr\/index.php\/wp-json\/wp\/v2\/pages\/19\/revisions\/16736"}],"wp:attachment":[{"href":"https:\/\/kagiosb.org.tr\/index.php\/wp-json\/wp\/v2\/media?parent=19"}],"curies":[{"name":"wp","href":"https:\/\/api.w.org\/{rel}","templated":true}]}}