{"id":25,"date":"2022-02-01T14:41:08","date_gmt":"2022-02-01T11:41:08","guid":{"rendered":"http:\/\/kagiosb.org.tr\/?page_id=25"},"modified":"2025-06-17T13:18:59","modified_gmt":"2025-06-17T10:18:59","slug":"kurucu-ortaklar","status":"publish","type":"page","link":"https:\/\/kagiosb.org.tr\/index.php\/kurucu-ortaklar\/","title":{"rendered":"Kurucu Ortaklar"},"content":{"rendered":"\n<figure class=\"wp-block-table aligncenter is-style-stripes\"><table><tbody><tr><td class=\"has-text-align-left\" data-align=\"left\"><strong>KURUMLAR<\/strong><\/td><td class=\"has-text-align-center\" data-align=\"center\"><strong>KATILMA PAYI ORANLARI(*)<\/strong><\/td><td class=\"has-text-align-center\" data-align=\"center\"><strong>M\u00dcTE\u015eEBB\u0130S HEYETTE TEMS\u0130L ED\u0130LECEK <\/strong><br><strong>\u00dcYE SAYISI<\/strong><\/td><\/tr><tr><td class=\"has-text-align-left\" data-align=\"left\">Kahramanmara\u015f B\u00fcy\u00fck\u015fehir Belediyesi<\/td><td class=\"has-text-align-center\" data-align=\"center\">% 40,00<\/td><td class=\"has-text-align-center\" data-align=\"center\">6<\/td><\/tr><tr><td class=\"has-text-align-left\" data-align=\"left\">T\u00fcrko\u011flu Belediyesi<\/td><td class=\"has-text-align-center\" data-align=\"center\">% 13,32<\/td><td class=\"has-text-align-center\" data-align=\"center\">2<\/td><\/tr><tr><td class=\"has-text-align-left\" data-align=\"left\">Kahramanmara\u015f Valili\u011fi<\/td><td class=\"has-text-align-center\" data-align=\"center\">% 13,32<\/td><td class=\"has-text-align-center\" data-align=\"center\">2<\/td><\/tr><tr><td class=\"has-text-align-left\" data-align=\"left\">Kahramanmara\u015f Ticaret Borsas\u0131<\/td><td class=\"has-text-align-center\" data-align=\"center\">% 13,32<\/td><td class=\"has-text-align-center\" data-align=\"center\">2<\/td><\/tr><tr><td class=\"has-text-align-left\" data-align=\"left\">Kahramanmara\u015f Ticaret ve Sanayi Odas\u0131<\/td><td class=\"has-text-align-center\" data-align=\"center\">% &nbsp;6,66<\/td><td class=\"has-text-align-center\" data-align=\"center\">1<\/td><\/tr><tr><td class=\"has-text-align-left\" data-align=\"left\">Oniki\u015fubat Belediyesi<\/td><td class=\"has-text-align-center\" data-align=\"center\">% &nbsp;6,66<\/td><td class=\"has-text-align-center\" data-align=\"center\">1<\/td><\/tr><tr><td class=\"has-text-align-left\" data-align=\"left\">Dulkadiro\u011flu Belediyesi<\/td><td class=\"has-text-align-center\" data-align=\"center\">% &nbsp;6,66<\/td><td class=\"has-text-align-center\" data-align=\"center\">1<\/td><\/tr><tr><td class=\"has-text-align-left\" data-align=\"left\"><strong>Toplam<\/strong><\/td><td class=\"has-text-align-center\" data-align=\"center\">&nbsp; <strong>% 100,00<\/strong><\/td><td class=\"has-text-align-center\" data-align=\"center\"><strong>15 ki\u015fi<\/strong><\/td><\/tr><\/tbody><\/table><\/figure>\n","protected":false},"excerpt":{"rendered":"<p>KURUMLAR KATILMA PAYI ORANLARI(*) M\u00dcTE\u015eEBB\u0130S HEYETTE TEMS\u0130L ED\u0130LECEK \u00dcYE SAYISI Kahramanmara\u015f B\u00fcy\u00fck\u015fehir Belediyesi % 40,00 6 T\u00fcrko\u011flu Belediyesi % 13,32 2 Kahramanmara\u015f Valili\u011fi % 13,32 2 Kahramanmara\u015f Ticaret Borsas\u0131 % 13,32 2 Kahramanmara\u015f Ticaret ve Sanayi Odas\u0131 % &nbsp;6,66 1 Oniki\u015fubat Belediyesi % &nbsp;6,66 1 Dulkadiro\u011flu Belediyesi % &nbsp;6,66 1 Toplam &nbsp; % 100,00 15<\/p>\n","protected":false},"author":1,"featured_media":0,"parent":0,"menu_order":0,"comment_status":"closed","ping_status":"closed","template":"","meta":{"footnotes":""},"class_list":["post-25","page","type-page","status-publish","hentry"],"_links":{"self":[{"href":"https:\/\/kagiosb.org.tr\/index.php\/wp-json\/wp\/v2\/pages\/25","targetHints":{"allow":["GET"]}}],"collection":[{"href":"https:\/\/kagiosb.org.tr\/index.php\/wp-json\/wp\/v2\/pages"}],"about":[{"href":"https:\/\/kagiosb.org.tr\/index.php\/wp-json\/wp\/v2\/types\/page"}],"author":[{"embeddable":true,"href":"https:\/\/kagiosb.org.tr\/index.php\/wp-json\/wp\/v2\/users\/1"}],"replies":[{"embeddable":true,"href":"https:\/\/kagiosb.org.tr\/index.php\/wp-json\/wp\/v2\/comments?post=25"}],"version-history":[{"count":4,"href":"https:\/\/kagiosb.org.tr\/index.php\/wp-json\/wp\/v2\/pages\/25\/revisions"}],"predecessor-version":[{"id":16972,"href":"https:\/\/kagiosb.org.tr\/index.php\/wp-json\/wp\/v2\/pages\/25\/revisions\/16972"}],"wp:attachment":[{"href":"https:\/\/kagiosb.org.tr\/index.php\/wp-json\/wp\/v2\/media?parent=25"}],"curies":[{"name":"wp","href":"https:\/\/api.w.org\/{rel}","templated":true}]}}