{"id":29,"date":"2022-02-01T14:41:56","date_gmt":"2022-02-01T11:41:56","guid":{"rendered":"http:\/\/kagiosb.org.tr\/?page_id=29"},"modified":"2026-01-06T14:28:56","modified_gmt":"2026-01-06T11:28:56","slug":"yonetim-kurulu","status":"publish","type":"page","link":"https:\/\/kagiosb.org.tr\/index.php\/yonetim-kurulu\/","title":{"rendered":"Y\u00f6netim Kurulu"},"content":{"rendered":"\n<p>M\u00fcte\u015febbis heyetin g\u00f6revinin devam etti\u011fi OSB\u2019lerde y\u00f6netim kurulu, m\u00fcte\u015febbis heyetin en az d\u00f6rd\u00fc kendi \u00fcyeleri aras\u0131ndan olmak \u00fczere se\u00e7ece\u011fi 5 as\u0131l 5 yedek \u00fcyeden olu\u015fur.<\/p>\n\n\n\n<div class=\"wp-block-columns is-layout-flex wp-container-core-columns-is-layout-9d6595d7 wp-block-columns-is-layout-flex\">\n<div class=\"wp-block-column is-layout-flow wp-block-column-is-layout-flow\" style=\"flex-basis:100%\">\n<figure class=\"wp-block-table aligncenter is-style-stripes\"><table><tbody><tr><td class=\"has-text-align-left\" data-align=\"left\"><strong>&nbsp;<\/strong> <strong>ASIL \u00dcYELER<\/strong><\/td><td class=\"has-text-align-left\" data-align=\"left\"><strong>TEMS\u0130L ETT\u0130KLER\u0130 KURUMDAK\u0130 G\u00d6REV\u0130<\/strong><\/td><td class=\"has-text-align-left\" data-align=\"left\"><strong>&nbsp; YEDEK \u00dcYELER<\/strong><\/td><td class=\"has-text-align-left\" data-align=\"left\"><strong>TEMS\u0130L ETT\u0130KLER\u0130 KURUMDAK\u0130 G\u00d6REV\u0130<\/strong><\/td><\/tr><tr><td class=\"has-text-align-left\" data-align=\"left\">Ba\u015fkan:\u00a0 Fatih B\u00dcLB\u00dcL<\/td><td class=\"has-text-align-left\" data-align=\"left\">Kent Esteti\u011fi ve Ye\u015fil Alanlar D.B.<\/td><td class=\"has-text-align-left\" data-align=\"left\">Erdo\u011fan Emrah HATUNO\u011eLU<\/td><td class=\"has-text-align-left\" data-align=\"left\">D\u0131\u015f \u0130li\u015fkiler D.B.<\/td><\/tr><tr><td class=\"has-text-align-left\" data-align=\"left\">Ba\u015fkan V.: Serhat YAY<\/td><td class=\"has-text-align-left\" data-align=\"left\">Sanayi \u0130l M\u00fcd\u00fcr\u00fc<\/td><td class=\"has-text-align-left\" data-align=\"left\">\u0130lyas \u00c7AM<\/td><td class=\"has-text-align-left\" data-align=\"left\">Meclis \u00dcyesi<\/td><\/tr><tr><td class=\"has-text-align-left\" data-align=\"left\">\u00dcye: Bilal Atalay SELAMET<\/td><td class=\"has-text-align-left\" data-align=\"left\">Bas\u0131n ve Halkla \u0130li\u015fkiler \u015eube Md<\/td><td class=\"has-text-align-left\" data-align=\"left\">Mikail UTLU<\/td><td class=\"has-text-align-left\" data-align=\"left\">Meclis \u00dcyesi<\/td><\/tr><tr><td class=\"has-text-align-left\" data-align=\"left\">\u00dcye: Neslihan ARMUT<\/td><td class=\"has-text-align-left\" data-align=\"left\">Kahramanmra\u015f Valili\u011fi<\/td><td class=\"has-text-align-left\" data-align=\"left\">\u00d6kka\u015f KARAYA\u011eLI<\/td><td class=\"has-text-align-left\" data-align=\"left\">Meclis Ba\u015fkan\u0131<\/td><\/tr><tr><td class=\"has-text-align-left\" data-align=\"left\">\u00dcye: Yusuf O\u011eUL<\/td><td class=\"has-text-align-left\" data-align=\"left\">T\u00fcrko\u011flu Belediyesi<\/td><td class=\"has-text-align-left\" data-align=\"left\"><\/td><td class=\"has-text-align-left\" data-align=\"left\"><\/td><\/tr><\/tbody><\/table><\/figure>\n<\/div>\n<\/div>\n\n\n\n<p><\/p>\n","protected":false},"excerpt":{"rendered":"<p>M\u00fcte\u015febbis heyetin g\u00f6revinin devam etti\u011fi OSB\u2019lerde y\u00f6netim kurulu, m\u00fcte\u015febbis heyetin en az d\u00f6rd\u00fc kendi \u00fcyeleri aras\u0131ndan olmak \u00fczere se\u00e7ece\u011fi 5 as\u0131l 5 yedek \u00fcyeden olu\u015fur. &nbsp; ASIL \u00dcYELER TEMS\u0130L ETT\u0130KLER\u0130 KURUMDAK\u0130 G\u00d6REV\u0130 &nbsp; YEDEK \u00dcYELER TEMS\u0130L ETT\u0130KLER\u0130 KURUMDAK\u0130 G\u00d6REV\u0130 Ba\u015fkan:\u00a0 Fatih B\u00dcLB\u00dcL Kent Esteti\u011fi ve Ye\u015fil Alanlar D.B. Erdo\u011fan Emrah HATUNO\u011eLU D\u0131\u015f \u0130li\u015fkiler D.B. Ba\u015fkan<\/p>\n","protected":false},"author":1,"featured_media":0,"parent":0,"menu_order":0,"comment_status":"closed","ping_status":"closed","template":"","meta":{"footnotes":""},"class_list":["post-29","page","type-page","status-publish","hentry"],"_links":{"self":[{"href":"https:\/\/kagiosb.org.tr\/index.php\/wp-json\/wp\/v2\/pages\/29","targetHints":{"allow":["GET"]}}],"collection":[{"href":"https:\/\/kagiosb.org.tr\/index.php\/wp-json\/wp\/v2\/pages"}],"about":[{"href":"https:\/\/kagiosb.org.tr\/index.php\/wp-json\/wp\/v2\/types\/page"}],"author":[{"embeddable":true,"href":"https:\/\/kagiosb.org.tr\/index.php\/wp-json\/wp\/v2\/users\/1"}],"replies":[{"embeddable":true,"href":"https:\/\/kagiosb.org.tr\/index.php\/wp-json\/wp\/v2\/comments?post=29"}],"version-history":[{"count":5,"href":"https:\/\/kagiosb.org.tr\/index.php\/wp-json\/wp\/v2\/pages\/29\/revisions"}],"predecessor-version":[{"id":17015,"href":"https:\/\/kagiosb.org.tr\/index.php\/wp-json\/wp\/v2\/pages\/29\/revisions\/17015"}],"wp:attachment":[{"href":"https:\/\/kagiosb.org.tr\/index.php\/wp-json\/wp\/v2\/media?parent=29"}],"curies":[{"name":"wp","href":"https:\/\/api.w.org\/{rel}","templated":true}]}}