{"id":31,"date":"2022-02-01T14:42:31","date_gmt":"2022-02-01T11:42:31","guid":{"rendered":"http:\/\/kagiosb.org.tr\/?page_id=31"},"modified":"2025-06-17T11:55:14","modified_gmt":"2025-06-17T08:55:14","slug":"denetim-kurulu","status":"publish","type":"page","link":"https:\/\/kagiosb.org.tr\/index.php\/denetim-kurulu\/","title":{"rendered":"Denetim Kurulu"},"content":{"rendered":"\n<p>Denetim kurulu, m\u00fcte\u015febbis heyetin veya genel kurulun kendi \u00fcyeleri aras\u0131ndan se\u00e7ece\u011fi iki as\u0131l iki yedek \u00fcyeden olu\u015fur.<\/p>\n\n\n\n<figure class=\"wp-block-table aligncenter is-style-stripes\"><table><tbody><tr><td><strong>&nbsp;<\/strong> <strong>ASIL \u00dcYELER<\/strong><\/td><td><strong>TEMS\u0130L ETT\u0130KLER\u0130 KURUM VE KURULU\u015e<\/strong><\/td><\/tr><tr><td>O\u011fuzhan \u00d6RER<\/td><td>Kahramanmara\u015f B\u00fcy\u00fck\u015fehir Belediyesi<\/td><\/tr><tr><td>Ay\u015fe CESUR<\/td><td>Oniki\u015fubat Belediyesi<\/td><\/tr><\/tbody><\/table><\/figure>\n","protected":false},"excerpt":{"rendered":"<p>Denetim kurulu, m\u00fcte\u015febbis heyetin veya genel kurulun kendi \u00fcyeleri aras\u0131ndan se\u00e7ece\u011fi iki as\u0131l iki yedek \u00fcyeden olu\u015fur. &nbsp; ASIL \u00dcYELER TEMS\u0130L ETT\u0130KLER\u0130 KURUM VE KURULU\u015e O\u011fuzhan \u00d6RER Kahramanmara\u015f B\u00fcy\u00fck\u015fehir Belediyesi Ay\u015fe CESUR Oniki\u015fubat Belediyesi<\/p>\n","protected":false},"author":1,"featured_media":0,"parent":0,"menu_order":0,"comment_status":"closed","ping_status":"closed","template":"","meta":{"footnotes":""},"class_list":["post-31","page","type-page","status-publish","hentry"],"_links":{"self":[{"href":"https:\/\/kagiosb.org.tr\/index.php\/wp-json\/wp\/v2\/pages\/31","targetHints":{"allow":["GET"]}}],"collection":[{"href":"https:\/\/kagiosb.org.tr\/index.php\/wp-json\/wp\/v2\/pages"}],"about":[{"href":"https:\/\/kagiosb.org.tr\/index.php\/wp-json\/wp\/v2\/types\/page"}],"author":[{"embeddable":true,"href":"https:\/\/kagiosb.org.tr\/index.php\/wp-json\/wp\/v2\/users\/1"}],"replies":[{"embeddable":true,"href":"https:\/\/kagiosb.org.tr\/index.php\/wp-json\/wp\/v2\/comments?post=31"}],"version-history":[{"count":4,"href":"https:\/\/kagiosb.org.tr\/index.php\/wp-json\/wp\/v2\/pages\/31\/revisions"}],"predecessor-version":[{"id":16968,"href":"https:\/\/kagiosb.org.tr\/index.php\/wp-json\/wp\/v2\/pages\/31\/revisions\/16968"}],"wp:attachment":[{"href":"https:\/\/kagiosb.org.tr\/index.php\/wp-json\/wp\/v2\/media?parent=31"}],"curies":[{"name":"wp","href":"https:\/\/api.w.org\/{rel}","templated":true}]}}