{"id":5158,"date":"2019-04-24T06:34:43","date_gmt":"2019-04-24T06:34:43","guid":{"rendered":"http:\/\/demo.zozothemes.com\/miion\/about-copy\/"},"modified":"2019-04-24T06:34:43","modified_gmt":"2019-04-24T06:34:43","slug":"department","status":"publish","type":"page","link":"https:\/\/kagiosb.org.tr\/index.php\/department\/","title":{"rendered":"Department"},"content":{"rendered":"\t\t<div data-elementor-type=\"wp-post\" data-elementor-id=\"5158\" class=\"elementor elementor-5158\">\n\t\t\t\t\t\t<section class=\"elementor-section elementor-top-section elementor-element elementor-element-6d1c465 elementor-section-boxed elementor-section-height-default elementor-section-height-default\" data-id=\"6d1c465\" data-element_type=\"section\" data-e-type=\"section\">\n\t\t\t\t\t\t<div class=\"elementor-container elementor-column-gap-default\">\n\t\t\t\t\t<div class=\"elementor-column elementor-col-50 elementor-top-column elementor-element elementor-element-ea05f9d\" data-id=\"ea05f9d\" data-element_type=\"column\" data-e-type=\"column\">\n\t\t\t<div class=\"elementor-widget-wrap elementor-element-populated\">\n\t\t\t\t\t\t<div class=\"elementor-element elementor-element-f61946e elementor-widget elementor-widget-egovenzsectiontitle\" data-id=\"f61946e\" data-element_type=\"widget\" data-e-type=\"widget\" data-widget_type=\"egovenzsectiontitle.default\">\n\t\t\t\t<div class=\"elementor-widget-container\">\n\t\t\t\t\t<div class=\"section-title-wrapper\"><div class=\"title-wrap\"><h3 class=\"section-title\">Departments Of Our Egoverns Municipality<\/h3><span class=\"title-separator separator-border theme-color-bg\"><\/span><\/div><!-- .title-wrap --><div class=\"section-description\"><\/div><!-- .section-description --><\/div><!-- .section-title-wrapper -->\t\t\t\t<\/div>\n\t\t\t\t<\/div>\n\t\t\t\t\t<\/div>\n\t\t<\/div>\n\t\t\t\t<div class=\"elementor-column elementor-col-50 elementor-top-column elementor-element elementor-element-e43b8bf elementor-hidden-tablet elementor-hidden-phone\" data-id=\"e43b8bf\" data-element_type=\"column\" data-e-type=\"column\">\n\t\t\t<div class=\"elementor-widget-wrap\">\n\t\t\t\t\t\t\t<\/div>\n\t\t<\/div>\n\t\t\t\t\t<\/div>\n\t\t<\/section>\n\t\t\t\t<section class=\"elementor-section elementor-top-section elementor-element elementor-element-e152457 elementor-section-boxed elementor-section-height-default elementor-section-height-default\" data-id=\"e152457\" data-element_type=\"section\" data-e-type=\"section\">\n\t\t\t\t\t\t<div class=\"elementor-container elementor-column-gap-default\">\n\t\t\t\t\t<div class=\"elementor-column elementor-col-100 elementor-top-column elementor-element elementor-element-5af8e48\" data-id=\"5af8e48\" data-element_type=\"column\" data-e-type=\"column\">\n\t\t\t<div class=\"elementor-widget-wrap elementor-element-populated\">\n\t\t\t\t\t\t<div class=\"elementor-element elementor-element-cfae7e0 elementor-widget elementor-widget-egovenzservice\" data-id=\"cfae7e0\" data-element_type=\"widget\" data-e-type=\"widget\" data-widget_type=\"egovenzservice.default\">\n\t\t\t\t<div class=\"elementor-widget-container\">\n\t\t\t\t\t<div class=\"service-wrapper service-default service-light shortcode-rand-1 egovenz-inline-css\" data-css=\"&quot;.shortcode-rand-1.service-wrapper .service-inner &gt; *:nth-child(1) { margin-bottom: 30px; }.shortcode-rand-1.service-wrapper .service-inner &gt; *:nth-child(2) { margin-bottom: 0px; }.shortcode-rand-1.service-wrapper .service-inner &gt; *:nth-child(3) { margin-bottom: 10px; }&quot;\"><div class=\"row\"><div class=\"col-lg-4 col-md-4\"><div class=\"service-inner\"><div class=\"service-thumb\"><img fetchpriority=\"high\" decoding=\"async\" width=\"767\" height=\"511\" src=\"https:\/\/kagiosb.org.tr\/wp-content\/uploads\/2022\/02\/pastacilik-scaled.jpg\" class=\"img-fluid wp-post-image\" alt=\"\" srcset=\"https:\/\/kagiosb.org.tr\/wp-content\/uploads\/2022\/02\/pastacilik-scaled.jpg 2560w, https:\/\/kagiosb.org.tr\/wp-content\/uploads\/2022\/02\/pastacilik-768x511.jpg 768w, https:\/\/kagiosb.org.tr\/wp-content\/uploads\/2022\/02\/pastacilik-1536x1023.jpg 1536w, https:\/\/kagiosb.org.tr\/wp-content\/uploads\/2022\/02\/pastacilik-2048x1364.jpg 2048w\" sizes=\"(max-width: 767px) 100vw, 767px\" \/><\/div><!-- .service-thumb --><div class=\"service-icon-img-wrap\"><img decoding=\"async\" src=\"https:\/\/kagiosb.org.tr\/wp-content\/uploads\/2022\/02\/pastacilik-scaled.jpg\" class=\"img-fluid service-icon-img\" alt=\"Pastac\u0131lar ve Unlu Mam\u00fcller\" \/><\/div><h5 class=\"service-title\"><a href=\"https:\/\/kagiosb.org.tr\/index.php\/service\/pastacilar-ve-unlu-mamuller\/\">Pastac\u0131lar ve Unlu Mam\u00fcller<\/a><\/h5><!-- .service-title --><div class=\"service-excerpt\"><p>Pastac\u0131lar ve Unlu Mam\u00fcller<\/p>\n<\/div><!-- .service-excerpt --><div class=\"post-more\"><a class=\"read-more btn\" href=\"https:\/\/kagiosb.org.tr\/index.php\/service\/pastacilar-ve-unlu-mamuller\/\">Read More<\/a><\/div><\/div><!-- .service-inner --><\/div><!-- .cols --><div class=\"col-lg-4 col-md-4\"><div class=\"service-inner\"><div class=\"service-thumb\"><img decoding=\"async\" width=\"400\" height=\"600\" src=\"https:\/\/kagiosb.org.tr\/wp-content\/uploads\/2022\/02\/sekerleme-scaled.jpg\" class=\"img-fluid wp-post-image\" alt=\"\" srcset=\"https:\/\/kagiosb.org.tr\/wp-content\/uploads\/2022\/02\/sekerleme-scaled.jpg 1707w, https:\/\/kagiosb.org.tr\/wp-content\/uploads\/2022\/02\/sekerleme-768x1152.jpg 768w, https:\/\/kagiosb.org.tr\/wp-content\/uploads\/2022\/02\/sekerleme-1024x1536.jpg 1024w, https:\/\/kagiosb.org.tr\/wp-content\/uploads\/2022\/02\/sekerleme-1365x2048.jpg 1365w\" sizes=\"(max-width: 400px) 100vw, 400px\" \/><\/div><!-- .service-thumb --><div class=\"service-icon-img-wrap\"><img decoding=\"async\" src=\"https:\/\/kagiosb.org.tr\/wp-content\/uploads\/2022\/02\/sekerleme-scaled.jpg\" class=\"img-fluid service-icon-img\" alt=\"\u015eekerlemeciler\" \/><\/div><h5 class=\"service-title\"><a href=\"https:\/\/kagiosb.org.tr\/index.php\/service\/sekerlemeciler\/\">\u015eekerlemeciler<\/a><\/h5><!-- .service-title --><div class=\"service-excerpt\"><p>\u015eekerleme sekt\u00f6r\u00fc<\/p>\n<\/div><!-- .service-excerpt --><div class=\"post-more\"><a class=\"read-more btn\" href=\"https:\/\/kagiosb.org.tr\/index.php\/service\/sekerlemeciler\/\">Read More<\/a><\/div><\/div><!-- .service-inner --><\/div><!-- .cols --><div class=\"col-lg-4 col-md-4\"><div class=\"service-inner\"><div class=\"service-thumb\"><img decoding=\"async\" width=\"400\" height=\"600\" src=\"https:\/\/kagiosb.org.tr\/wp-content\/uploads\/2022\/02\/hazir-yemek-scaled.jpg\" class=\"img-fluid wp-post-image\" alt=\"\" srcset=\"https:\/\/kagiosb.org.tr\/wp-content\/uploads\/2022\/02\/hazir-yemek-scaled.jpg 1708w, https:\/\/kagiosb.org.tr\/wp-content\/uploads\/2022\/02\/hazir-yemek-768x1151.jpg 768w, https:\/\/kagiosb.org.tr\/wp-content\/uploads\/2022\/02\/hazir-yemek-1025x1536.jpg 1025w, https:\/\/kagiosb.org.tr\/wp-content\/uploads\/2022\/02\/hazir-yemek-1366x2048.jpg 1366w\" sizes=\"(max-width: 400px) 100vw, 400px\" \/><\/div><!-- .service-thumb --><div class=\"service-icon-img-wrap\"><img decoding=\"async\" src=\"https:\/\/kagiosb.org.tr\/wp-content\/uploads\/2022\/02\/hazir-yemek-scaled.jpg\" class=\"img-fluid service-icon-img\" alt=\"Haz\u0131r Yemek Sekt\u00f6r\u00fc\" \/><\/div><h5 class=\"service-title\"><a href=\"https:\/\/kagiosb.org.tr\/index.php\/service\/hazir-yemek-sektoru\/\">Haz\u0131r Yemek Sekt\u00f6r\u00fc<\/a><\/h5><!-- .service-title --><div class=\"service-excerpt\"><p>Haz\u0131r yemek sekt\u00f6r\u00fc<\/p>\n<\/div><!-- .service-excerpt --><div class=\"post-more\"><a class=\"read-more btn\" href=\"https:\/\/kagiosb.org.tr\/index.php\/service\/hazir-yemek-sektoru\/\">Read More<\/a><\/div><\/div><!-- .service-inner --><\/div><!-- .cols --><\/div><!-- .row --><div class=\"row\"><div class=\"col-lg-4 col-md-4\"><div class=\"service-inner\"><div class=\"service-thumb\"><img loading=\"lazy\" decoding=\"async\" width=\"767\" height=\"575\" src=\"https:\/\/kagiosb.org.tr\/wp-content\/uploads\/2022\/02\/tarhana_9.jpg\" class=\"img-fluid wp-post-image\" alt=\"\" srcset=\"https:\/\/kagiosb.org.tr\/wp-content\/uploads\/2022\/02\/tarhana_9.jpg 800w, https:\/\/kagiosb.org.tr\/wp-content\/uploads\/2022\/02\/tarhana_9-768x576.jpg 768w\" sizes=\"(max-width: 767px) 100vw, 767px\" \/><\/div><!-- .service-thumb --><div class=\"service-icon-img-wrap\"><img decoding=\"async\" src=\"https:\/\/kagiosb.org.tr\/wp-content\/uploads\/2022\/02\/tarhana_9.jpg\" class=\"img-fluid service-icon-img\" alt=\"Tarhana \u00dcreticileri\" \/><\/div><h5 class=\"service-title\"><a href=\"https:\/\/kagiosb.org.tr\/index.php\/service\/tarhana-ureticileri\/\">Tarhana \u00dcreticileri<\/a><\/h5><!-- .service-title --><div class=\"service-excerpt\"><p>Tarhana \u00dcreticileri<\/p>\n<\/div><!-- .service-excerpt --><div class=\"post-more\"><a class=\"read-more btn\" href=\"https:\/\/kagiosb.org.tr\/index.php\/service\/tarhana-ureticileri\/\">Read More<\/a><\/div><\/div><!-- .service-inner --><\/div><!-- .cols --><div class=\"col-lg-4 col-md-4\"><div class=\"service-inner\"><div class=\"service-thumb\"><img loading=\"lazy\" decoding=\"async\" width=\"767\" height=\"487\" src=\"https:\/\/kagiosb.org.tr\/wp-content\/uploads\/2022\/02\/biber.jpeg\" class=\"img-fluid wp-post-image\" alt=\"\" srcset=\"https:\/\/kagiosb.org.tr\/wp-content\/uploads\/2022\/02\/biber.jpeg 1600w, https:\/\/kagiosb.org.tr\/wp-content\/uploads\/2022\/02\/biber-768x488.jpeg 768w, https:\/\/kagiosb.org.tr\/wp-content\/uploads\/2022\/02\/biber-1536x975.jpeg 1536w\" sizes=\"(max-width: 767px) 100vw, 767px\" \/><\/div><!-- .service-thumb --><div class=\"service-icon-img-wrap\"><img decoding=\"async\" src=\"https:\/\/kagiosb.org.tr\/wp-content\/uploads\/2022\/02\/biber.jpeg\" class=\"img-fluid service-icon-img\" alt=\"Biber \u00dcreticileri\" \/><\/div><h5 class=\"service-title\"><a href=\"https:\/\/kagiosb.org.tr\/index.php\/service\/biber-ureticileri\/\">Biber \u00dcreticileri<\/a><\/h5><!-- .service-title --><div class=\"service-excerpt\"><p>Biber \u00fcreticileri<\/p>\n<\/div><!-- .service-excerpt --><div class=\"post-more\"><a class=\"read-more btn\" href=\"https:\/\/kagiosb.org.tr\/index.php\/service\/biber-ureticileri\/\">Read More<\/a><\/div><\/div><!-- .service-inner --><\/div><!-- .cols --><div class=\"col-lg-4 col-md-4\"><div class=\"service-inner\"><div class=\"service-thumb\"><img loading=\"lazy\" decoding=\"async\" width=\"767\" height=\"575\" src=\"https:\/\/kagiosb.org.tr\/wp-content\/uploads\/2022\/02\/dondurma.jpg\" class=\"img-fluid wp-post-image\" alt=\"\" srcset=\"https:\/\/kagiosb.org.tr\/wp-content\/uploads\/2022\/02\/dondurma.jpg 800w, https:\/\/kagiosb.org.tr\/wp-content\/uploads\/2022\/02\/dondurma-768x576.jpg 768w\" sizes=\"(max-width: 767px) 100vw, 767px\" \/><\/div><!-- .service-thumb --><div class=\"service-icon-img-wrap\"><img decoding=\"async\" src=\"https:\/\/kagiosb.org.tr\/wp-content\/uploads\/2022\/02\/dondurma.jpg\" class=\"img-fluid service-icon-img\" alt=\"Dondurma \u00dcreticileri\" \/><\/div><h5 class=\"service-title\"><a href=\"https:\/\/kagiosb.org.tr\/index.php\/service\/dondurma-ureticileri\/\">Dondurma \u00dcreticileri<\/a><\/h5><!-- .service-title --><div class=\"service-excerpt\"><p>Dondurma \u00fcreticileri<\/p>\n<\/div><!-- .service-excerpt --><div class=\"post-more\"><a class=\"read-more btn\" href=\"https:\/\/kagiosb.org.tr\/index.php\/service\/dondurma-ureticileri\/\">Read More<\/a><\/div><\/div><!-- .service-inner --><\/div><!-- .cols --><\/div><!-- .row --><\/div><!-- .service-wrapper -->\t\t\t\t<\/div>\n\t\t\t\t<\/div>\n\t\t\t\t\t<\/div>\n\t\t<\/div>\n\t\t\t\t\t<\/div>\n\t\t<\/section>\n\t\t\t\t<\/div>\n\t\t","protected":false},"excerpt":{"rendered":"<p>Departments Of Our Egoverns Municipality Animal Care and Control Lorem ipsum<\/p>\n","protected":false},"author":1,"featured_media":0,"parent":0,"menu_order":0,"comment_status":"closed","ping_status":"closed","template":"","meta":{"footnotes":""},"class_list":["post-5158","page","type-page","status-publish","hentry"],"_links":{"self":[{"href":"https:\/\/kagiosb.org.tr\/index.php\/wp-json\/wp\/v2\/pages\/5158","targetHints":{"allow":["GET"]}}],"collection":[{"href":"https:\/\/kagiosb.org.tr\/index.php\/wp-json\/wp\/v2\/pages"}],"about":[{"href":"https:\/\/kagiosb.org.tr\/index.php\/wp-json\/wp\/v2\/types\/page"}],"author":[{"embeddable":true,"href":"https:\/\/kagiosb.org.tr\/index.php\/wp-json\/wp\/v2\/users\/1"}],"replies":[{"embeddable":true,"href":"https:\/\/kagiosb.org.tr\/index.php\/wp-json\/wp\/v2\/comments?post=5158"}],"version-history":[{"count":0,"href":"https:\/\/kagiosb.org.tr\/index.php\/wp-json\/wp\/v2\/pages\/5158\/revisions"}],"wp:attachment":[{"href":"https:\/\/kagiosb.org.tr\/index.php\/wp-json\/wp\/v2\/media?parent=5158"}],"curies":[{"name":"wp","href":"https:\/\/api.w.org\/{rel}","templated":true}]}}